{"id":1207,"date":"2026-01-27T08:07:21","date_gmt":"2026-01-27T08:07:21","guid":{"rendered":"https:\/\/akhisarajansi.com\/?page_id=1207"},"modified":"2026-01-28T10:57:44","modified_gmt":"2026-01-28T10:57:44","slug":"iletisim","status":"publish","type":"page","link":"https:\/\/akhisarajansi.com\/?page_id=1207","title":{"rendered":"\u0130leti\u015fim"},"content":{"rendered":"\n<p class=\"has-text-align-left\">Akhisar Ajans\u0131 olarak; haber, ihbar, reklam ve i\u015f birli\u011fi talepleriniz i\u00e7in bizimle diledi\u011finiz zaman ileti\u015fime ge\u00e7ebilirsiniz.<\/p>\n\n\n\n<p class=\"has-text-align-left\">G\u00f6r\u00fc\u015fleriniz, \u00f6nerileriniz ve Akhisar\u2019a dair payla\u015f\u0131mlar\u0131n\u0131z bizim i\u00e7in de\u011ferlidir.<\/p>\n\n\n\n<h1 class=\"wp-block-heading has-text-align-center\"> \u0130leti\u015fim Bilgileri<\/h1>\n\n\n\n<p class=\"has-text-align-center\"><strong>Adres:<\/strong><br>HACI \u0130SHAK MAH. NUR\u0130 G\u0130Y\u0130K SANAY\u0130\u0130 S\u0130TES\u0130 15.BLOK K\u00dcME EVLER NO: 8 AKH\u0130SAR \/ MAN\u0130SA<\/p>\n\n\n\n<p class=\"has-text-align-center\"><strong>Telefon:<\/strong><br>0 553 748 1338<\/p>\n\n\n\n<p class=\"has-text-align-center\"><strong>E-Posta:<\/strong><br><a>info@akhisarajansi.com<\/a><\/p>\n\n\n\n<p class=\"has-text-align-center\"><strong>Reklam &amp; \u0130\u015f Birli\u011fi:<\/strong><br><a>reklam@akhisarajansi.com<\/a><\/p>\n\n\n\n<h1 class=\"wp-block-heading has-text-align-center\"><strong><mark style=\"background-color:rgba(0, 0, 0, 0)\" class=\"has-inline-color has-vivid-red-color\">&#x1f4e9; Haber \u0130hbar Hatt\u0131<\/mark><\/strong><\/h1>\n\n\n\n<p class=\"has-text-align-center\"><strong>Akhisar ve \u00e7evresinde ya\u015fanan geli\u015fmeleri bize iletebilirsiniz.<br>G\u00f6nderdi\u011finiz bilgiler gizlilik \u00e7er\u00e7evesinde de\u011ferlendirilir.<\/strong><\/p>\n\n\n\n<h1 class=\"wp-block-heading has-text-align-center\"><mark style=\"background-color:rgba(0, 0, 0, 0)\" class=\"has-inline-color has-vivid-cyan-blue-color\">&#x1f310; Sosyal Medya<\/mark><\/h1>\n\n\n\n<p class=\"has-text-align-center\"><strong>Instagram: @akhisarajansi<br>Facebook: Akhisar Ajans\u0131<br>X (Twitter): @akhisarajansi<\/strong><\/p>\n\n\n\n<figure class=\"wp-block-image size-large\"><img fetchpriority=\"high\" decoding=\"async\" width=\"1200\" height=\"142\" src=\"http:\/\/akhisarajansi.com\/wp-content\/uploads\/2026\/01\/1-1024x121.png\" alt=\"\" class=\"wp-image-1170\" srcset=\"https:\/\/akhisarajansi.com\/wp-content\/uploads\/2026\/01\/1-1024x121.png 1024w, https:\/\/akhisarajansi.com\/wp-content\/uploads\/2026\/01\/1-300x36.png 300w, https:\/\/akhisarajansi.com\/wp-content\/uploads\/2026\/01\/1-768x91.png 768w, https:\/\/akhisarajansi.com\/wp-content\/uploads\/2026\/01\/1.png 1200w\" sizes=\"(max-width: 1200px) 100vw, 1200px\" \/><\/figure>\n","protected":false},"excerpt":{"rendered":"<p>Akhisar Ajans\u0131 olarak; haber, ihbar, reklam ve i\u015f birli\u011fi talepleriniz i\u00e7in bizimle diledi\u011finiz zaman ileti\u015fime ge\u00e7ebilirsiniz. G\u00f6r\u00fc\u015fleriniz, \u00f6nerileriniz<\/p>\n","protected":false},"author":1,"featured_media":0,"parent":0,"menu_order":0,"comment_status":"closed","ping_status":"closed","template":"","meta":{"footnotes":""},"class_list":["post-1207","page","type-page","status-publish","hentry"],"_links":{"self":[{"href":"https:\/\/akhisarajansi.com\/index.php?rest_route=\/wp\/v2\/pages\/1207","targetHints":{"allow":["GET"]}}],"collection":[{"href":"https:\/\/akhisarajansi.com\/index.php?rest_route=\/wp\/v2\/pages"}],"about":[{"href":"https:\/\/akhisarajansi.com\/index.php?rest_route=\/wp\/v2\/types\/page"}],"author":[{"embeddable":true,"href":"https:\/\/akhisarajansi.com\/index.php?rest_route=\/wp\/v2\/users\/1"}],"replies":[{"embeddable":true,"href":"https:\/\/akhisarajansi.com\/index.php?rest_route=%2Fwp%2Fv2%2Fcomments&post=1207"}],"version-history":[{"count":3,"href":"https:\/\/akhisarajansi.com\/index.php?rest_route=\/wp\/v2\/pages\/1207\/revisions"}],"predecessor-version":[{"id":1228,"href":"https:\/\/akhisarajansi.com\/index.php?rest_route=\/wp\/v2\/pages\/1207\/revisions\/1228"}],"wp:attachment":[{"href":"https:\/\/akhisarajansi.com\/index.php?rest_route=%2Fwp%2Fv2%2Fmedia&parent=1207"}],"curies":[{"name":"wp","href":"https:\/\/api.w.org\/{rel}","templated":true}]}}