{"id":1199,"date":"2026-01-27T07:50:05","date_gmt":"2026-01-27T07:50:05","guid":{"rendered":"https:\/\/akhisarajansi.com\/?page_id=1199"},"modified":"2026-01-28T10:57:51","modified_gmt":"2026-01-28T10:57:51","slug":"kunye","status":"publish","type":"page","link":"https:\/\/akhisarajansi.com\/?page_id=1199","title":{"rendered":"K\u00fcnye"},"content":{"rendered":"\n<p class=\"has-text-align-center\"><strong>Yay\u0131n T\u00fcr\u00fc<\/strong><br>Yerel Dijital Haber Platformu<\/p>\n\n\n\n<p class=\"has-text-align-center\"><strong>\u0130mtiyaz Sahibi<\/strong><br>Emir Demirg\u00fcl<\/p>\n\n\n\n<p class=\"has-text-align-center\"><strong>Sorumlu Yaz\u0131 \u0130\u015fleri M\u00fcd\u00fcr\u00fc<\/strong><br>Emir Demirg\u00fcl<\/p>\n\n\n\n<p class=\"has-text-align-center\"><strong>Genel Yay\u0131n Y\u00f6netmeni:<\/strong><br>Emir Demirg\u00fcl<\/p>\n\n\n\n<p class=\"has-text-align-center\"><strong>Haber Merkezi<\/strong><br>HACI \u0130SHAK MAH. NUR\u0130 G\u0130Y\u0130K SANAY\u0130\u0130 S\u0130TES\u0130 15.BLOK K\u00dcME EVLER NO: 8 AKH\u0130SAR \/ MAN\u0130SA<\/p>\n\n\n\n<p class=\"has-text-align-center\"><strong>\u0130leti\u015fim<\/strong><br>E-posta:&nbsp;<a>info@akhisarajansi.com<\/a><br>Telefon: 0 553 748 1338<\/p>\n\n\n\n<p class=\"has-text-align-center\"><strong>Reklam ve \u0130\u015f Birli\u011fi<\/strong><br><a>reklam@akhisarajansi.com<\/a><\/p>\n\n\n\n<p class=\"has-text-align-center\"><strong>Yay\u0131n Politikas\u0131<\/strong><br>Akhisar Ajans\u0131, tarafs\u0131z, h\u0131zl\u0131 ve do\u011fru habercilik anlay\u0131\u015f\u0131yla Akhisar ve \u00e7evresine dair geli\u015fmeleri kamuoyuna sunar.<\/p>\n\n\n\n<h4 class=\"wp-block-heading has-text-align-center\">Yaz\u0131l\u0131m<\/h4>\n\n\n\n<p class=\"has-text-align-center\">WordPress \/ Afthemes.com<\/p>\n\n\n\n<figure class=\"wp-block-image size-large\"><img fetchpriority=\"high\" decoding=\"async\" width=\"1024\" height=\"121\" src=\"http:\/\/akhisarajansi.com\/wp-content\/uploads\/2026\/01\/akhisar-ajansi-1-1024x121.png\" alt=\"\" class=\"wp-image-1131\" srcset=\"https:\/\/akhisarajansi.com\/wp-content\/uploads\/2026\/01\/akhisar-ajansi-1-1024x121.png 1024w, https:\/\/akhisarajansi.com\/wp-content\/uploads\/2026\/01\/akhisar-ajansi-1-300x36.png 300w, https:\/\/akhisarajansi.com\/wp-content\/uploads\/2026\/01\/akhisar-ajansi-1-768x91.png 768w, https:\/\/akhisarajansi.com\/wp-content\/uploads\/2026\/01\/akhisar-ajansi-1.png 1200w\" sizes=\"(max-width: 1024px) 100vw, 1024px\" \/><\/figure>\n","protected":false},"excerpt":{"rendered":"<p>Yay\u0131n T\u00fcr\u00fcYerel Dijital Haber Platformu \u0130mtiyaz SahibiEmir Demirg\u00fcl Sorumlu Yaz\u0131 \u0130\u015fleri M\u00fcd\u00fcr\u00fcEmir Demirg\u00fcl Genel Yay\u0131n Y\u00f6netmeni:Emir Demirg\u00fcl Haber<\/p>\n","protected":false},"author":1,"featured_media":0,"parent":0,"menu_order":0,"comment_status":"closed","ping_status":"closed","template":"","meta":{"footnotes":""},"class_list":["post-1199","page","type-page","status-publish","hentry"],"_links":{"self":[{"href":"https:\/\/akhisarajansi.com\/index.php?rest_route=\/wp\/v2\/pages\/1199","targetHints":{"allow":["GET"]}}],"collection":[{"href":"https:\/\/akhisarajansi.com\/index.php?rest_route=\/wp\/v2\/pages"}],"about":[{"href":"https:\/\/akhisarajansi.com\/index.php?rest_route=\/wp\/v2\/types\/page"}],"author":[{"embeddable":true,"href":"https:\/\/akhisarajansi.com\/index.php?rest_route=\/wp\/v2\/users\/1"}],"replies":[{"embeddable":true,"href":"https:\/\/akhisarajansi.com\/index.php?rest_route=%2Fwp%2Fv2%2Fcomments&post=1199"}],"version-history":[{"count":7,"href":"https:\/\/akhisarajansi.com\/index.php?rest_route=\/wp\/v2\/pages\/1199\/revisions"}],"predecessor-version":[{"id":1229,"href":"https:\/\/akhisarajansi.com\/index.php?rest_route=\/wp\/v2\/pages\/1199\/revisions\/1229"}],"wp:attachment":[{"href":"https:\/\/akhisarajansi.com\/index.php?rest_route=%2Fwp%2Fv2%2Fmedia&parent=1199"}],"curies":[{"name":"wp","href":"https:\/\/api.w.org\/{rel}","templated":true}]}}